{"id":104,"date":"2026-01-13T13:53:20","date_gmt":"2026-01-13T13:53:20","guid":{"rendered":"https:\/\/ascensiune.com\/?page_id=104"},"modified":"2026-01-20T14:09:49","modified_gmt":"2026-01-20T14:09:49","slug":"comunitate","status":"publish","type":"page","link":"https:\/\/ascensiune.com\/?page_id=104","title":{"rendered":"Comunitate"},"content":{"rendered":"\t\t<div data-elementor-type=\"wp-page\" data-elementor-id=\"104\" class=\"elementor elementor-104\">\n\t\t\t\t<div class=\"elementor-element elementor-element-2ec9d630 e-con-full e-flex e-con e-parent\" data-id=\"2ec9d630\" data-element_type=\"container\">\n\t\t<div class=\"elementor-element elementor-element-496edb39 e-con-full e-flex e-con e-child\" data-id=\"496edb39\" data-element_type=\"container\">\n\t\t\t\t<div class=\"elementor-element elementor-element-3353e39a elementor-widget elementor-widget-heading\" data-id=\"3353e39a\" data-element_type=\"widget\" data-widget_type=\"heading.default\">\n\t\t\t\t\t<h1 class=\"elementor-heading-title elementor-size-default\">Comunitate<\/h1>\t\t\t\t<\/div>\n\t\t\t\t<div class=\"elementor-element elementor-element-21d3c373 elementor-widget-divider--view-line elementor-widget elementor-widget-divider\" data-id=\"21d3c373\" data-element_type=\"widget\" data-widget_type=\"divider.default\">\n\t\t\t\t\t\t\t<div class=\"elementor-divider\">\n\t\t\t<span class=\"elementor-divider-separator\">\n\t\t\t\t\t\t<\/span>\n\t\t<\/div>\n\t\t\t\t\t\t<\/div>\n\t\t\t\t<div class=\"elementor-element elementor-element-4a2fa918 elementor-widget__width-initial elementor-widget elementor-widget-text-editor\" data-id=\"4a2fa918\" data-element_type=\"widget\" data-widget_type=\"text-editor.default\">\n\t\t\t\t\t\t\t\t\t<p data-start=\"424\" data-end=\"578\">Comunitatea ASCENSIUNE este pentru cei care simt c\u0103 au dep\u0103\u0219it etapa informa\u021biei superficiale \u0219i caut\u0103 <strong data-start=\"527\" data-end=\"577\">\u00een\u021belegere aplicat\u0103, structur\u0103 \u0219i continuitate<\/strong>.<\/p><p data-start=\"580\" data-end=\"768\">Este un spa\u021biu \u00een care lucr\u0103m cu BaZi, Qi Men Dun Jia \u0219i I Ching nu ca teorii abstracte, ci ca <strong data-start=\"675\" data-end=\"694\">instrumente vii<\/strong>, integrate \u00een deciziile de zi cu zi, \u00een ritm personal \u0219i cu discern\u0103m\u00e2nt.<\/p><p data-start=\"770\" data-end=\"874\">Aici nu este vorba despre a \u201e\u0219ti mai mult\u201d,<br data-start=\"813\" data-end=\"816\" \/>ci despre <strong data-start=\"826\" data-end=\"873\">a vedea mai clar \u0219i a ac\u021biona mai con\u0219tient<\/strong>.<\/p>\t\t\t\t\t\t\t\t<\/div>\n\t\t\t\t<\/div>\n\t\t<div class=\"elementor-element elementor-element-2ca5d2c0 e-con-full e-flex e-con e-child\" data-id=\"2ca5d2c0\" data-element_type=\"container\" data-settings=\"{&quot;background_background&quot;:&quot;classic&quot;}\">\n\t\t\t\t<\/div>\n\t\t\t\t<\/div>\n\t\t<div class=\"elementor-element elementor-element-761672d3 e-flex e-con-boxed e-con e-parent\" data-id=\"761672d3\" data-element_type=\"container\">\n\t\t\t\t\t<div class=\"e-con-inner\">\n\t\t\t\t<div class=\"elementor-element elementor-element-6a5ba7bc elementor-widget elementor-widget-heading\" data-id=\"6a5ba7bc\" data-element_type=\"widget\" data-widget_type=\"heading.default\">\n\t\t\t\t\t<h2 class=\"elementor-heading-title elementor-size-default\">Cum po\u021bi face parte din comunitate<\/h2>\t\t\t\t<\/div>\n\t\t<div class=\"elementor-element elementor-element-1798d1c1 e-con-full e-flex e-con e-child\" data-id=\"1798d1c1\" data-element_type=\"container\">\n\t\t<div class=\"elementor-element elementor-element-378792f1 e-con-full e-flex e-con e-child\" data-id=\"378792f1\" data-element_type=\"container\">\n\t\t\t\t<div class=\"elementor-element elementor-element-3093b7d7 elementor-widget__width-inherit elementor-position-top elementor-widget elementor-widget-image-box\" data-id=\"3093b7d7\" data-element_type=\"widget\" data-widget_type=\"image-box.default\">\n\t\t\t\t\t<div class=\"elementor-image-box-wrapper\"><figure class=\"elementor-image-box-img\"><img fetchpriority=\"high\" decoding=\"async\" width=\"526\" height=\"526\" src=\"https:\/\/ascensiune.com\/wp-content\/uploads\/2026\/01\/526x526_11.jpg\" class=\"attachment-full size-full wp-image-46\" alt=\"\" srcset=\"https:\/\/ascensiune.com\/wp-content\/uploads\/2026\/01\/526x526_11.jpg 526w, https:\/\/ascensiune.com\/wp-content\/uploads\/2026\/01\/526x526_11-300x300.jpg 300w, https:\/\/ascensiune.com\/wp-content\/uploads\/2026\/01\/526x526_11-100x100.jpg 100w, https:\/\/ascensiune.com\/wp-content\/uploads\/2026\/01\/526x526_11-150x150.jpg 150w\" sizes=\"(max-width: 526px) 100vw, 526px\" \/><\/figure><div class=\"elementor-image-box-content\"><h3 class=\"elementor-image-box-title\">Acces gratuit<\/h3><\/div><\/div>\t\t\t\t<\/div>\n\t\t\t\t<div class=\"elementor-element elementor-element-79684f6 elementor-widget elementor-widget-text-editor\" data-id=\"79684f6\" data-element_type=\"widget\" data-widget_type=\"text-editor.default\">\n\t\t\t\t\t\t\t\t\t<p data-start=\"208\" data-end=\"340\">Pentru cei care vor s\u0103 exploreze comunitatea \u0219i s\u0103 \u00eenceap\u0103 procesul de clarificare, \u00een ritmul lor.<\/p><p data-start=\"208\" data-end=\"340\"><strong data-start=\"342\" data-end=\"357\">Ce prime\u0219ti<\/strong><br data-start=\"357\" data-end=\"360\" \/>\u2022 Con\u021binut selectat (articole &amp; video)<br data-start=\"398\" data-end=\"401\" \/>\u2022 Acces la materiale introductive BaZi, Qi Men \u0219i I Ching<br data-start=\"458\" data-end=\"461\" \/>\u2022 Perspective lunare despre energie \u0219i direc\u021bie<\/p>\t\t\t\t\t\t\t\t<\/div>\n\t\t\t\t<div class=\"elementor-element elementor-element-c72f1ad elementor-widget elementor-widget-button\" data-id=\"c72f1ad\" data-element_type=\"widget\" data-widget_type=\"button.default\">\n\t\t\t\t\t\t\t\t\t\t<a class=\"elementor-button elementor-button-link elementor-size-sm\" href=\"https:\/\/ascensiune.com\/?page_id=73&#038;subscription_plan=77\">\n\t\t\t\t\t\t<span class=\"elementor-button-content-wrapper\">\n\t\t\t\t\t\t\t\t\t<span class=\"elementor-button-text\">\u00cenregistrare<\/span>\n\t\t\t\t\t<\/span>\n\t\t\t\t\t<\/a>\n\t\t\t\t\t\t\t\t<\/div>\n\t\t\t\t<\/div>\n\t\t<div class=\"elementor-element elementor-element-2c8107eb e-con-full e-flex e-con e-child\" data-id=\"2c8107eb\" data-element_type=\"container\">\n\t\t\t\t<div class=\"elementor-element elementor-element-2c5cdcb2 elementor-position-top elementor-widget elementor-widget-image-box\" data-id=\"2c5cdcb2\" data-element_type=\"widget\" data-widget_type=\"image-box.default\">\n\t\t\t\t\t<div class=\"elementor-image-box-wrapper\"><figure class=\"elementor-image-box-img\"><img fetchpriority=\"high\" decoding=\"async\" width=\"526\" height=\"526\" src=\"https:\/\/ascensiune.com\/wp-content\/uploads\/2026\/01\/526x526_11.jpg\" class=\"attachment-full size-full wp-image-46\" alt=\"\" srcset=\"https:\/\/ascensiune.com\/wp-content\/uploads\/2026\/01\/526x526_11.jpg 526w, https:\/\/ascensiune.com\/wp-content\/uploads\/2026\/01\/526x526_11-300x300.jpg 300w, https:\/\/ascensiune.com\/wp-content\/uploads\/2026\/01\/526x526_11-100x100.jpg 100w, https:\/\/ascensiune.com\/wp-content\/uploads\/2026\/01\/526x526_11-150x150.jpg 150w\" sizes=\"(max-width: 526px) 100vw, 526px\" \/><\/figure><div class=\"elementor-image-box-content\"><h3 class=\"elementor-image-box-title\">Acces complet<\/h3><\/div><\/div>\t\t\t\t<\/div>\n\t\t\t\t<div class=\"elementor-element elementor-element-9091714 elementor-widget elementor-widget-text-editor\" data-id=\"9091714\" data-element_type=\"widget\" data-widget_type=\"text-editor.default\">\n\t\t\t\t\t\t\t\t\t<p data-start=\"708\" data-end=\"823\">Pentru cei care aleg s\u0103 aprofundeze, s\u0103 practice constant \u0219i s\u0103 aplice con\u0219tient.<\/p><p data-start=\"825\" data-end=\"1045\"><strong data-start=\"825\" data-end=\"840\">Ce prime\u0219ti<\/strong><br data-start=\"840\" data-end=\"843\" \/>\u2022 Tot ce include accesul gratuit<br data-start=\"875\" data-end=\"878\" \/>\u2022 Con\u021binut aprofundat \u0219i materiale exclusive<br data-start=\"922\" data-end=\"925\" \/>\u2022 Ghidare structurat\u0103 \u0219i practic\u0103 aplicat\u0103<br data-start=\"967\" data-end=\"970\" \/>\u2022 Sesiuni live &amp; \u00eenregistr\u0103ri<br data-start=\"999\" data-end=\"1002\" \/>\u2022 Acces prioritar la cursuri \u0219i resurse noi<\/p>\t\t\t\t\t\t\t\t<\/div>\n\t\t\t\t<div class=\"elementor-element elementor-element-6ab092f elementor-widget elementor-widget-button\" data-id=\"6ab092f\" data-element_type=\"widget\" data-widget_type=\"button.default\">\n\t\t\t\t\t\t\t\t\t\t<a class=\"elementor-button elementor-button-link elementor-size-sm\" href=\"https:\/\/ascensiune.com\/?page_id=73&#038;subscription_plan=145\">\n\t\t\t\t\t\t<span class=\"elementor-button-content-wrapper\">\n\t\t\t\t\t\t\t\t\t<span class=\"elementor-button-text\">\u00cenregistrare<\/span>\n\t\t\t\t\t<\/span>\n\t\t\t\t\t<\/a>\n\t\t\t\t\t\t\t\t<\/div>\n\t\t\t\t<\/div>\n\t\t\t\t<\/div>\n\t\t\t\t\t<\/div>\n\t\t\t\t<\/div>\n\t\t<div class=\"elementor-element elementor-element-771db64c e-con-full e-flex e-con e-parent\" data-id=\"771db64c\" data-element_type=\"container\">\n\t\t<div class=\"elementor-element elementor-element-94cc8e e-con-full e-flex e-con e-child\" data-id=\"94cc8e\" data-element_type=\"container\">\n\t\t\t\t<div class=\"elementor-element elementor-element-4172f58f elementor-pagination-position-inside elementor-widget elementor-widget-image-carousel\" data-id=\"4172f58f\" data-element_type=\"widget\" data-settings=\"{&quot;slides_to_show&quot;:&quot;1&quot;,&quot;navigation&quot;:&quot;dots&quot;,&quot;pause_on_hover&quot;:&quot;no&quot;,&quot;pause_on_interaction&quot;:&quot;no&quot;,&quot;autoplay&quot;:&quot;yes&quot;,&quot;autoplay_speed&quot;:5000,&quot;infinite&quot;:&quot;yes&quot;,&quot;effect&quot;:&quot;slide&quot;,&quot;speed&quot;:500}\" data-widget_type=\"image-carousel.default\">\n\t\t\t\t\t\t\t<div class=\"elementor-image-carousel-wrapper swiper\" role=\"region\" aria-roledescription=\"carousel\" aria-label=\"Image Carousel\" dir=\"ltr\">\n\t\t\t<div class=\"elementor-image-carousel swiper-wrapper swiper-image-stretch\" aria-live=\"off\">\n\t\t\t\t\t\t\t\t<div class=\"swiper-slide\" role=\"group\" aria-roledescription=\"slide\" aria-label=\"1 of 3\"><figure class=\"swiper-slide-inner\"><img decoding=\"async\" class=\"swiper-slide-image\" src=\"https:\/\/ascensiune.com\/wp-content\/uploads\/2026\/01\/Image_Placeholder_2_Slider_2-13122021.jpg\" alt=\"Image_Placeholder_2_Slider_2-13122021.jpg\" \/><\/figure><\/div><div class=\"swiper-slide\" role=\"group\" aria-roledescription=\"slide\" aria-label=\"2 of 3\"><figure class=\"swiper-slide-inner\"><img decoding=\"async\" class=\"swiper-slide-image\" src=\"https:\/\/ascensiune.com\/wp-content\/uploads\/2026\/01\/Image_Placeholder_2_Slider_3-13122021.jpg\" alt=\"Image_Placeholder_2_Slider_3-13122021.jpg\" \/><\/figure><\/div><div class=\"swiper-slide\" role=\"group\" aria-roledescription=\"slide\" aria-label=\"3 of 3\"><figure class=\"swiper-slide-inner\"><img decoding=\"async\" class=\"swiper-slide-image\" src=\"https:\/\/ascensiune.com\/wp-content\/uploads\/2026\/01\/Image_Placeholder_2_Slider_1-13122021.jpg\" alt=\"Image_Placeholder_2_Slider_1-13122021.jpg\" \/><\/figure><\/div>\t\t\t<\/div>\n\t\t\t\t\t\t\t\n\t\t\t\t\t\t\t\t\t<div class=\"swiper-pagination\"><\/div>\n\t\t\t\t\t\t\t\t\t<\/div>\n\t\t\t\t\t\t<\/div>\n\t\t\t\t<\/div>\n\t\t<div class=\"elementor-element elementor-element-5c54cbf4 e-con-full e-flex e-con e-child\" data-id=\"5c54cbf4\" data-element_type=\"container\">\n\t\t\t\t<div class=\"elementor-element elementor-element-3349bbd0 elementor-widget elementor-widget-heading\" data-id=\"3349bbd0\" data-element_type=\"widget\" data-widget_type=\"heading.default\">\n\t\t\t\t\t<h2 class=\"elementor-heading-title elementor-size-default\">Our Vision<\/h2>\t\t\t\t<\/div>\n\t\t\t\t<div class=\"elementor-element elementor-element-fb77d95 elementor-widget__width-initial elementor-widget elementor-widget-text-editor\" data-id=\"fb77d95\" data-element_type=\"widget\" data-widget_type=\"text-editor.default\">\n\t\t\t\t\t\t\t\t\t<p>A short paragraph describing your company&#8217;s vision of what it hopes to achieve in the future. This section is meant to inspire people to join your company on its journey.<\/p>\t\t\t\t\t\t\t\t<\/div>\n\t\t\t\t<div class=\"elementor-element elementor-element-1e9515da elementor-widget elementor-widget-testimonial\" data-id=\"1e9515da\" data-element_type=\"widget\" data-widget_type=\"testimonial.default\">\n\t\t\t\t\t\t\t<div class=\"elementor-testimonial-wrapper\">\n\t\t\t\t\t\t\t<div class=\"elementor-testimonial-content\">\u201cAn inspiring quote from a company Employee \/ owner\u201d<\/div>\n\t\t\t\n\t\t\t\t\t\t<div class=\"elementor-testimonial-meta\">\n\t\t\t\t<div class=\"elementor-testimonial-meta-inner\">\n\t\t\t\t\t\n\t\t\t\t\t\t\t\t\t\t<div class=\"elementor-testimonial-details\">\n\t\t\t\t\t\t\t\t\t\t\t\t\t\t<div class=\"elementor-testimonial-name\">Name of Employee \/ Owner<\/div>\n\t\t\t\t\t\t\t\t\t\t\t\t\t\t\t\t\t\t\t<\/div>\n\t\t\t\t\t\t\t\t\t<\/div>\n\t\t\t<\/div>\n\t\t\t\t\t<\/div>\n\t\t\t\t\t\t<\/div>\n\t\t\t\t<\/div>\n\t\t\t\t<\/div>\n\t\t<div class=\"elementor-element elementor-element-6dc50d90 e-flex e-con-boxed e-con e-parent\" data-id=\"6dc50d90\" data-element_type=\"container\">\n\t\t\t\t\t<div class=\"e-con-inner\">\n\t\t\t\t<div class=\"elementor-element elementor-element-459095c elementor-widget elementor-widget-heading\" data-id=\"459095c\" data-element_type=\"widget\" data-widget_type=\"heading.default\">\n\t\t\t\t\t<h2 class=\"elementor-heading-title elementor-size-default\">A Title to Turn the Visitor Into a Lead<\/h2>\t\t\t\t<\/div>\n\t\t\t\t<div class=\"elementor-element elementor-element-312f1318 elementor-widget__width-initial elementor-widget elementor-widget-text-editor\" data-id=\"312f1318\" data-element_type=\"widget\" data-widget_type=\"text-editor.default\">\n\t\t\t\t\t\t\t\t\t<p>This is your chance to emphasize why the visitor should contact you right now now.<\/p>\t\t\t\t\t\t\t\t<\/div>\n\t\t\t\t<div class=\"elementor-element elementor-element-3913940f elementor-align-center elementor-invisible elementor-widget elementor-widget-button\" data-id=\"3913940f\" data-element_type=\"widget\" data-settings=\"{&quot;_animation&quot;:&quot;fadeInDown&quot;}\" data-widget_type=\"button.default\">\n\t\t\t\t\t\t\t\t\t\t<a class=\"elementor-button elementor-button-link elementor-size-sm\" href=\"https:\/\/library.elementor.com\/local-services-wireframe-3-flexbox\/contact-us\/\">\n\t\t\t\t\t\t<span class=\"elementor-button-content-wrapper\">\n\t\t\t\t\t\t\t\t\t<span class=\"elementor-button-text\">Contact Us<\/span>\n\t\t\t\t\t<\/span>\n\t\t\t\t\t<\/a>\n\t\t\t\t\t\t\t\t<\/div>\n\t\t\t\t\t<\/div>\n\t\t\t\t<\/div>\n\t\t<div class=\"elementor-element elementor-element-f48c23a e-flex e-con-boxed e-con e-parent\" data-id=\"f48c23a\" data-element_type=\"container\">\n\t\t\t\t\t<div class=\"e-con-inner\">\n\t\t\t\t\t<\/div>\n\t\t\t\t<\/div>\n\t\t\t\t<\/div>\n\t\t","protected":false},"excerpt":{"rendered":"<p>Comunitate Comunitatea ASCENSIUNE este pentru cei care simt c\u0103 au dep\u0103\u0219it etapa informa\u021biei superficiale \u0219i caut\u0103 \u00een\u021belegere aplicat\u0103, structur\u0103 \u0219i continuitate. Este un spa\u021biu \u00een care lucr\u0103m cu BaZi, Qi Men Dun Jia \u0219i I Ching nu ca teorii abstracte, ci ca instrumente vii, integrate \u00een deciziile de zi cu zi, \u00een ritm personal \u0219i [&hellip;]<\/p>\n","protected":false},"author":1,"featured_media":49,"parent":0,"menu_order":0,"comment_status":"closed","ping_status":"closed","template":"elementor_header_footer","meta":{"footnotes":""},"class_list":["post-104","page","type-page","status-publish","has-post-thumbnail","hentry"],"blocksy_meta":[],"yoast_head":"<!-- This site is optimized with the Yoast SEO plugin v26.7 - https:\/\/yoast.com\/wordpress\/plugins\/seo\/ -->\n<title>Comunitate - Ascensiune<\/title>\n<meta name=\"robots\" content=\"index, follow, max-snippet:-1, max-image-preview:large, max-video-preview:-1\" \/>\n<link rel=\"canonical\" href=\"https:\/\/ascensiune.com\/?page_id=104\" \/>\n<meta property=\"og:locale\" content=\"en_US\" \/>\n<meta property=\"og:type\" content=\"article\" \/>\n<meta property=\"og:title\" content=\"Comunitate - Ascensiune\" \/>\n<meta property=\"og:description\" content=\"Comunitate Comunitatea ASCENSIUNE este pentru cei care simt c\u0103 au dep\u0103\u0219it etapa informa\u021biei superficiale \u0219i caut\u0103 \u00een\u021belegere aplicat\u0103, structur\u0103 \u0219i continuitate. Este un spa\u021biu \u00een care lucr\u0103m cu BaZi, Qi Men Dun Jia \u0219i I Ching nu ca teorii abstracte, ci ca instrumente vii, integrate \u00een deciziile de zi cu zi, \u00een ritm personal \u0219i [&hellip;]\" \/>\n<meta property=\"og:url\" content=\"https:\/\/ascensiune.com\/?page_id=104\" \/>\n<meta property=\"og:site_name\" content=\"Ascensiune\" \/>\n<meta property=\"article:modified_time\" content=\"2026-01-20T14:09:49+00:00\" \/>\n<meta property=\"og:image\" content=\"https:\/\/ascensiune.com\/wp-content\/uploads\/2026\/01\/About-400_380.jpg\" \/>\n\t<meta property=\"og:image:width\" content=\"400\" \/>\n\t<meta property=\"og:image:height\" content=\"380\" \/>\n\t<meta property=\"og:image:type\" content=\"image\/jpeg\" \/>\n<meta name=\"twitter:card\" content=\"summary_large_image\" \/>\n<meta name=\"twitter:label1\" content=\"Est. reading time\" \/>\n\t<meta name=\"twitter:data1\" content=\"3 minutes\" \/>\n<script type=\"application\/ld+json\" class=\"yoast-schema-graph\">{\"@context\":\"https:\/\/schema.org\",\"@graph\":[{\"@type\":\"WebPage\",\"@id\":\"https:\/\/ascensiune.com\/?page_id=104\",\"url\":\"https:\/\/ascensiune.com\/?page_id=104\",\"name\":\"Comunitate - Ascensiune\",\"isPartOf\":{\"@id\":\"https:\/\/ascensiune.com\/#website\"},\"primaryImageOfPage\":{\"@id\":\"https:\/\/ascensiune.com\/?page_id=104#primaryimage\"},\"image\":{\"@id\":\"https:\/\/ascensiune.com\/?page_id=104#primaryimage\"},\"thumbnailUrl\":\"https:\/\/ascensiune.com\/wp-content\/uploads\/2026\/01\/About-400_380.jpg\",\"datePublished\":\"2026-01-13T13:53:20+00:00\",\"dateModified\":\"2026-01-20T14:09:49+00:00\",\"breadcrumb\":{\"@id\":\"https:\/\/ascensiune.com\/?page_id=104#breadcrumb\"},\"inLanguage\":\"en-US\",\"potentialAction\":[{\"@type\":\"ReadAction\",\"target\":[\"https:\/\/ascensiune.com\/?page_id=104\"]}]},{\"@type\":\"ImageObject\",\"inLanguage\":\"en-US\",\"@id\":\"https:\/\/ascensiune.com\/?page_id=104#primaryimage\",\"url\":\"https:\/\/ascensiune.com\/wp-content\/uploads\/2026\/01\/About-400_380.jpg\",\"contentUrl\":\"https:\/\/ascensiune.com\/wp-content\/uploads\/2026\/01\/About-400_380.jpg\",\"width\":400,\"height\":380},{\"@type\":\"BreadcrumbList\",\"@id\":\"https:\/\/ascensiune.com\/?page_id=104#breadcrumb\",\"itemListElement\":[{\"@type\":\"ListItem\",\"position\":1,\"name\":\"Home\",\"item\":\"https:\/\/ascensiune.com\/\"},{\"@type\":\"ListItem\",\"position\":2,\"name\":\"Comunitate\"}]},{\"@type\":\"WebSite\",\"@id\":\"https:\/\/ascensiune.com\/#website\",\"url\":\"https:\/\/ascensiune.com\/\",\"name\":\"Ascensiune\",\"description\":\"\",\"potentialAction\":[{\"@type\":\"SearchAction\",\"target\":{\"@type\":\"EntryPoint\",\"urlTemplate\":\"https:\/\/ascensiune.com\/?s={search_term_string}\"},\"query-input\":{\"@type\":\"PropertyValueSpecification\",\"valueRequired\":true,\"valueName\":\"search_term_string\"}}],\"inLanguage\":\"en-US\"}]}<\/script>\n<!-- \/ Yoast SEO plugin. -->","yoast_head_json":{"title":"Comunitate - Ascensiune","robots":{"index":"index","follow":"follow","max-snippet":"max-snippet:-1","max-image-preview":"max-image-preview:large","max-video-preview":"max-video-preview:-1"},"canonical":"https:\/\/ascensiune.com\/?page_id=104","og_locale":"en_US","og_type":"article","og_title":"Comunitate - Ascensiune","og_description":"Comunitate Comunitatea ASCENSIUNE este pentru cei care simt c\u0103 au dep\u0103\u0219it etapa informa\u021biei superficiale \u0219i caut\u0103 \u00een\u021belegere aplicat\u0103, structur\u0103 \u0219i continuitate. Este un spa\u021biu \u00een care lucr\u0103m cu BaZi, Qi Men Dun Jia \u0219i I Ching nu ca teorii abstracte, ci ca instrumente vii, integrate \u00een deciziile de zi cu zi, \u00een ritm personal \u0219i [&hellip;]","og_url":"https:\/\/ascensiune.com\/?page_id=104","og_site_name":"Ascensiune","article_modified_time":"2026-01-20T14:09:49+00:00","og_image":[{"width":400,"height":380,"url":"https:\/\/ascensiune.com\/wp-content\/uploads\/2026\/01\/About-400_380.jpg","type":"image\/jpeg"}],"twitter_card":"summary_large_image","twitter_misc":{"Est. reading time":"3 minutes"},"schema":{"@context":"https:\/\/schema.org","@graph":[{"@type":"WebPage","@id":"https:\/\/ascensiune.com\/?page_id=104","url":"https:\/\/ascensiune.com\/?page_id=104","name":"Comunitate - Ascensiune","isPartOf":{"@id":"https:\/\/ascensiune.com\/#website"},"primaryImageOfPage":{"@id":"https:\/\/ascensiune.com\/?page_id=104#primaryimage"},"image":{"@id":"https:\/\/ascensiune.com\/?page_id=104#primaryimage"},"thumbnailUrl":"https:\/\/ascensiune.com\/wp-content\/uploads\/2026\/01\/About-400_380.jpg","datePublished":"2026-01-13T13:53:20+00:00","dateModified":"2026-01-20T14:09:49+00:00","breadcrumb":{"@id":"https:\/\/ascensiune.com\/?page_id=104#breadcrumb"},"inLanguage":"en-US","potentialAction":[{"@type":"ReadAction","target":["https:\/\/ascensiune.com\/?page_id=104"]}]},{"@type":"ImageObject","inLanguage":"en-US","@id":"https:\/\/ascensiune.com\/?page_id=104#primaryimage","url":"https:\/\/ascensiune.com\/wp-content\/uploads\/2026\/01\/About-400_380.jpg","contentUrl":"https:\/\/ascensiune.com\/wp-content\/uploads\/2026\/01\/About-400_380.jpg","width":400,"height":380},{"@type":"BreadcrumbList","@id":"https:\/\/ascensiune.com\/?page_id=104#breadcrumb","itemListElement":[{"@type":"ListItem","position":1,"name":"Home","item":"https:\/\/ascensiune.com\/"},{"@type":"ListItem","position":2,"name":"Comunitate"}]},{"@type":"WebSite","@id":"https:\/\/ascensiune.com\/#website","url":"https:\/\/ascensiune.com\/","name":"Ascensiune","description":"","potentialAction":[{"@type":"SearchAction","target":{"@type":"EntryPoint","urlTemplate":"https:\/\/ascensiune.com\/?s={search_term_string}"},"query-input":{"@type":"PropertyValueSpecification","valueRequired":true,"valueName":"search_term_string"}}],"inLanguage":"en-US"}]}},"_links":{"self":[{"href":"https:\/\/ascensiune.com\/index.php?rest_route=\/wp\/v2\/pages\/104","targetHints":{"allow":["GET"]}}],"collection":[{"href":"https:\/\/ascensiune.com\/index.php?rest_route=\/wp\/v2\/pages"}],"about":[{"href":"https:\/\/ascensiune.com\/index.php?rest_route=\/wp\/v2\/types\/page"}],"author":[{"embeddable":true,"href":"https:\/\/ascensiune.com\/index.php?rest_route=\/wp\/v2\/users\/1"}],"replies":[{"embeddable":true,"href":"https:\/\/ascensiune.com\/index.php?rest_route=%2Fwp%2Fv2%2Fcomments&post=104"}],"version-history":[{"count":39,"href":"https:\/\/ascensiune.com\/index.php?rest_route=\/wp\/v2\/pages\/104\/revisions"}],"predecessor-version":[{"id":159,"href":"https:\/\/ascensiune.com\/index.php?rest_route=\/wp\/v2\/pages\/104\/revisions\/159"}],"wp:featuredmedia":[{"embeddable":true,"href":"https:\/\/ascensiune.com\/index.php?rest_route=\/wp\/v2\/media\/49"}],"wp:attachment":[{"href":"https:\/\/ascensiune.com\/index.php?rest_route=%2Fwp%2Fv2%2Fmedia&parent=104"}],"curies":[{"name":"wp","href":"https:\/\/api.w.org\/{rel}","templated":true}]}}