{"id":164,"date":"2026-01-20T14:58:55","date_gmt":"2026-01-20T14:58:55","guid":{"rendered":"https:\/\/ascensiune.com\/?page_id=164"},"modified":"2026-02-06T14:36:48","modified_gmt":"2026-02-06T14:36:48","slug":"bine-ai-venit-acces-gratuit","status":"publish","type":"page","link":"https:\/\/ascensiune.com\/?page_id=164","title":{"rendered":"Bibliotec\u0103 membri"},"content":{"rendered":"\t\t<div data-elementor-type=\"wp-page\" data-elementor-id=\"164\" class=\"elementor elementor-164\">\n\t\t\t\t<div class=\"elementor-section\">\n\t\t\t\t\t<div class=\"e-con-inner\">\n\t\t<p>Trebuie s\u0103 te \u00eenregistrezi ca s\u0103 accesezi bilbioteca<\/p>\t\t\t<\/div>\n\t\t\t\t<\/div>\n\t\t\t\t<\/div>\n\t\t","protected":false},"excerpt":{"rendered":"<p>Bine ai venit \u00een comunitatea ASCENSIUNE Aceasta este biblioteca ta.De aici accesezi cursurile, articolele \u0219i resursele disponibile pentru tine \u00een acest moment.. Articole Qi Men Dun Jia Qi Men Dun Jia este arta alegerii momentului potrivit \u0219i a direc\u021biei corecte de ac\u021biune. Aici g\u0103se\u0219ti perspective despre timing, pozi\u021bionare \u0219i strategii adaptate contextului t\u0103u actual. \ud83d\udc49 [&hellip;]<\/p>\n","protected":false},"author":1,"featured_media":0,"parent":0,"menu_order":0,"comment_status":"closed","ping_status":"closed","template":"","meta":{"footnotes":""},"class_list":["post-164","page","type-page","status-publish","hentry"],"blocksy_meta":[],"yoast_head":"<!-- This site is optimized with the Yoast SEO plugin v26.7 - https:\/\/yoast.com\/wordpress\/plugins\/seo\/ -->\n<title>Bibliotec\u0103 membri - Ascensiune<\/title>\n<meta name=\"robots\" content=\"index, follow, max-snippet:-1, max-image-preview:large, max-video-preview:-1\" \/>\n<link rel=\"canonical\" href=\"https:\/\/ascensiune.com\/?page_id=164\" \/>\n<meta property=\"og:locale\" content=\"en_US\" \/>\n<meta property=\"og:type\" content=\"article\" \/>\n<meta property=\"og:title\" content=\"Bibliotec\u0103 membri - Ascensiune\" \/>\n<meta property=\"og:description\" content=\"Bine ai venit \u00een comunitatea ASCENSIUNE Aceasta este biblioteca ta.De aici accesezi cursurile, articolele \u0219i resursele disponibile pentru tine \u00een acest moment.. Articole Qi Men Dun Jia Qi Men Dun Jia este arta alegerii momentului potrivit \u0219i a direc\u021biei corecte de ac\u021biune. Aici g\u0103se\u0219ti perspective despre timing, pozi\u021bionare \u0219i strategii adaptate contextului t\u0103u actual. \ud83d\udc49 [&hellip;]\" \/>\n<meta property=\"og:url\" content=\"https:\/\/ascensiune.com\/?page_id=164\" \/>\n<meta property=\"og:site_name\" content=\"Ascensiune\" \/>\n<meta property=\"article:modified_time\" content=\"2026-02-06T14:36:48+00:00\" \/>\n<meta property=\"og:image\" content=\"https:\/\/ascensiune.com\/wp-content\/uploads\/2026\/01\/Ba-Zi-2-1-1024x683.png\" \/>\n\t<meta property=\"og:image:width\" content=\"1024\" \/>\n\t<meta property=\"og:image:height\" content=\"683\" \/>\n\t<meta property=\"og:image:type\" content=\"image\/png\" \/>\n<meta name=\"twitter:card\" content=\"summary_large_image\" \/>\n<meta name=\"twitter:label1\" content=\"Est. reading time\" \/>\n\t<meta name=\"twitter:data1\" content=\"3 minutes\" \/>\n<script type=\"application\/ld+json\" class=\"yoast-schema-graph\">{\"@context\":\"https:\/\/schema.org\",\"@graph\":[{\"@type\":\"WebPage\",\"@id\":\"https:\/\/ascensiune.com\/?page_id=164\",\"url\":\"https:\/\/ascensiune.com\/?page_id=164\",\"name\":\"Bibliotec\u0103 membri - Ascensiune\",\"isPartOf\":{\"@id\":\"https:\/\/ascensiune.com\/#website\"},\"primaryImageOfPage\":{\"@id\":\"https:\/\/ascensiune.com\/?page_id=164#primaryimage\"},\"image\":{\"@id\":\"https:\/\/ascensiune.com\/?page_id=164#primaryimage\"},\"thumbnailUrl\":\"https:\/\/ascensiune.com\/wp-content\/uploads\/2026\/01\/Ba-Zi-2-1.png\",\"datePublished\":\"2026-01-20T14:58:55+00:00\",\"dateModified\":\"2026-02-06T14:36:48+00:00\",\"breadcrumb\":{\"@id\":\"https:\/\/ascensiune.com\/?page_id=164#breadcrumb\"},\"inLanguage\":\"en-US\",\"potentialAction\":[{\"@type\":\"ReadAction\",\"target\":[\"https:\/\/ascensiune.com\/?page_id=164\"]}]},{\"@type\":\"ImageObject\",\"inLanguage\":\"en-US\",\"@id\":\"https:\/\/ascensiune.com\/?page_id=164#primaryimage\",\"url\":\"https:\/\/ascensiune.com\/wp-content\/uploads\/2026\/01\/Ba-Zi-2-1.png\",\"contentUrl\":\"https:\/\/ascensiune.com\/wp-content\/uploads\/2026\/01\/Ba-Zi-2-1.png\",\"width\":1536,\"height\":1024},{\"@type\":\"BreadcrumbList\",\"@id\":\"https:\/\/ascensiune.com\/?page_id=164#breadcrumb\",\"itemListElement\":[{\"@type\":\"ListItem\",\"position\":1,\"name\":\"Home\",\"item\":\"https:\/\/ascensiune.com\/\"},{\"@type\":\"ListItem\",\"position\":2,\"name\":\"Bibliotec\u0103 membri\"}]},{\"@type\":\"WebSite\",\"@id\":\"https:\/\/ascensiune.com\/#website\",\"url\":\"https:\/\/ascensiune.com\/\",\"name\":\"Ascensiune\",\"description\":\"\",\"potentialAction\":[{\"@type\":\"SearchAction\",\"target\":{\"@type\":\"EntryPoint\",\"urlTemplate\":\"https:\/\/ascensiune.com\/?s={search_term_string}\"},\"query-input\":{\"@type\":\"PropertyValueSpecification\",\"valueRequired\":true,\"valueName\":\"search_term_string\"}}],\"inLanguage\":\"en-US\"}]}<\/script>\n<!-- \/ Yoast SEO plugin. -->","yoast_head_json":{"title":"Bibliotec\u0103 membri - Ascensiune","robots":{"index":"index","follow":"follow","max-snippet":"max-snippet:-1","max-image-preview":"max-image-preview:large","max-video-preview":"max-video-preview:-1"},"canonical":"https:\/\/ascensiune.com\/?page_id=164","og_locale":"en_US","og_type":"article","og_title":"Bibliotec\u0103 membri - Ascensiune","og_description":"Bine ai venit \u00een comunitatea ASCENSIUNE Aceasta este biblioteca ta.De aici accesezi cursurile, articolele \u0219i resursele disponibile pentru tine \u00een acest moment.. Articole Qi Men Dun Jia Qi Men Dun Jia este arta alegerii momentului potrivit \u0219i a direc\u021biei corecte de ac\u021biune. Aici g\u0103se\u0219ti perspective despre timing, pozi\u021bionare \u0219i strategii adaptate contextului t\u0103u actual. \ud83d\udc49 [&hellip;]","og_url":"https:\/\/ascensiune.com\/?page_id=164","og_site_name":"Ascensiune","article_modified_time":"2026-02-06T14:36:48+00:00","og_image":[{"width":1024,"height":683,"url":"https:\/\/ascensiune.com\/wp-content\/uploads\/2026\/01\/Ba-Zi-2-1-1024x683.png","type":"image\/png"}],"twitter_card":"summary_large_image","twitter_misc":{"Est. reading time":"3 minutes"},"schema":{"@context":"https:\/\/schema.org","@graph":[{"@type":"WebPage","@id":"https:\/\/ascensiune.com\/?page_id=164","url":"https:\/\/ascensiune.com\/?page_id=164","name":"Bibliotec\u0103 membri - Ascensiune","isPartOf":{"@id":"https:\/\/ascensiune.com\/#website"},"primaryImageOfPage":{"@id":"https:\/\/ascensiune.com\/?page_id=164#primaryimage"},"image":{"@id":"https:\/\/ascensiune.com\/?page_id=164#primaryimage"},"thumbnailUrl":"https:\/\/ascensiune.com\/wp-content\/uploads\/2026\/01\/Ba-Zi-2-1.png","datePublished":"2026-01-20T14:58:55+00:00","dateModified":"2026-02-06T14:36:48+00:00","breadcrumb":{"@id":"https:\/\/ascensiune.com\/?page_id=164#breadcrumb"},"inLanguage":"en-US","potentialAction":[{"@type":"ReadAction","target":["https:\/\/ascensiune.com\/?page_id=164"]}]},{"@type":"ImageObject","inLanguage":"en-US","@id":"https:\/\/ascensiune.com\/?page_id=164#primaryimage","url":"https:\/\/ascensiune.com\/wp-content\/uploads\/2026\/01\/Ba-Zi-2-1.png","contentUrl":"https:\/\/ascensiune.com\/wp-content\/uploads\/2026\/01\/Ba-Zi-2-1.png","width":1536,"height":1024},{"@type":"BreadcrumbList","@id":"https:\/\/ascensiune.com\/?page_id=164#breadcrumb","itemListElement":[{"@type":"ListItem","position":1,"name":"Home","item":"https:\/\/ascensiune.com\/"},{"@type":"ListItem","position":2,"name":"Bibliotec\u0103 membri"}]},{"@type":"WebSite","@id":"https:\/\/ascensiune.com\/#website","url":"https:\/\/ascensiune.com\/","name":"Ascensiune","description":"","potentialAction":[{"@type":"SearchAction","target":{"@type":"EntryPoint","urlTemplate":"https:\/\/ascensiune.com\/?s={search_term_string}"},"query-input":{"@type":"PropertyValueSpecification","valueRequired":true,"valueName":"search_term_string"}}],"inLanguage":"en-US"}]}},"_links":{"self":[{"href":"https:\/\/ascensiune.com\/index.php?rest_route=\/wp\/v2\/pages\/164","targetHints":{"allow":["GET"]}}],"collection":[{"href":"https:\/\/ascensiune.com\/index.php?rest_route=\/wp\/v2\/pages"}],"about":[{"href":"https:\/\/ascensiune.com\/index.php?rest_route=\/wp\/v2\/types\/page"}],"author":[{"embeddable":true,"href":"https:\/\/ascensiune.com\/index.php?rest_route=\/wp\/v2\/users\/1"}],"replies":[{"embeddable":true,"href":"https:\/\/ascensiune.com\/index.php?rest_route=%2Fwp%2Fv2%2Fcomments&post=164"}],"version-history":[{"count":37,"href":"https:\/\/ascensiune.com\/index.php?rest_route=\/wp\/v2\/pages\/164\/revisions"}],"predecessor-version":[{"id":465,"href":"https:\/\/ascensiune.com\/index.php?rest_route=\/wp\/v2\/pages\/164\/revisions\/465"}],"wp:attachment":[{"href":"https:\/\/ascensiune.com\/index.php?rest_route=%2Fwp%2Fv2%2Fmedia&parent=164"}],"curies":[{"name":"wp","href":"https:\/\/api.w.org\/{rel}","templated":true}]}}